{"id":16,"date":"2019-02-25T18:23:26","date_gmt":"2019-02-25T18:23:26","guid":{"rendered":"http:\/\/stepuppharma.in\/stepup-pharmatech\/?page_id=16"},"modified":"2022-02-21T22:42:32","modified_gmt":"2022-02-21T22:42:32","slug":"useful-links","status":"publish","type":"page","link":"https:\/\/www.stepuppharma.in\/stepup-pharmatech\/useful-links\/","title":{"rendered":"Useful Links"},"content":{"rendered":"\n<table class=\"wp-block-table\"><tbody><tr><td>Country<\/td><td>Country Code<\/td><td>Authority<\/td><td>Website<\/td><\/tr><tr><td>Australia<\/td><td>AU<\/td><td>Therapeutic Goods Adminstration (TGA)<\/td><td><a href=\"https:\/\/www.tga.gov.au\" target=\"_blank\" rel=\"noreferrer noopener\" aria-label=\" (opens in a new tab)\">www.tga.gov.au<\/a><\/td><\/tr><tr><td>Austria<\/td><td>AT<\/td><td>Bundesministerium f\u00fcr Geshundheit und Frauen and Environment<\/td><td><a href=\"http:\/\/www.bmgfj.gv.at\" target=\"_blank\" rel=\"noreferrer noopener\" aria-label=\" (opens in a new tab)\">www.bmgfj.gv.at<\/a><\/td><\/tr><tr><td>Belgium<\/td><td>BE<\/td><td>Federal Public Service Health, Food Chain Safety <\/td><td><a href=\"https:\/\/www.health.belgium.be\/eportal\" target=\"_blank\" rel=\"noreferrer noopener\" aria-label=\" (opens in a new tab)\">www.health.belgium.be\/eportal<\/a><\/td><\/tr><tr><td>Bulgaria<\/td><td>BG<\/td><td>Bulgarian Drug Agency<\/td><td><a href=\"https:\/\/www.bda.bg\" target=\"_blank\" rel=\"noreferrer noopener\" aria-label=\" (opens in a new tab)\">www.bda.bg<\/a><\/td><\/tr><tr><td>Canada<\/td><td>CA<\/td><td>Health Canada<\/td><td><a href=\"http:\/\/www.hc-sc.gc.ca\/\" target=\"_blank\" rel=\"noreferrer noopener\" aria-label=\" (opens in a new tab)\">www.hc-sc.gc.ca\/index-eng<\/a><\/td><\/tr><tr><td>Cyprus<\/td><td>CY<\/td><td>The Ministry of Agriculture, Natural Resources and Environment<\/td><td><a href=\"http:\/\/www.moa.gov.cy\" target=\"_blank\" rel=\"noreferrer noopener\" aria-label=\" (opens in a new tab)\">www.moa.gov.cy<\/a><\/td><\/tr><tr><td>Czech Republic<\/td><td>CZ<\/td><td>State Institute for Drug Control<\/td><td><a href=\"https:\/\/www.sukl.cz\" target=\"_blank\" rel=\"noreferrer noopener\" aria-label=\" (opens in a new tab)\">www.sukl.cz<\/a><\/td><\/tr><tr><td>Denmark<\/td><td>DK<\/td><td>Danish Health &amp; Medicines Authority<\/td><td><a href=\"https:\/\/www.laegemiddelstyrelsen.dk\/en\" target=\"_blank\" rel=\"noreferrer noopener\" aria-label=\" (opens in a new tab)\">www.laegemiddelstyrelsen.dk\/en<\/a><\/td><\/tr><tr><td>Estonia<\/td><td>EE<\/td><td>State Agency of Medicines<\/td><td><a href=\"https:\/\/www.ravimiamet.ee\" target=\"_blank\" rel=\"noreferrer noopener\" aria-label=\" (opens in a new tab)\">www.ravimiamet.ee<\/a><\/td><\/tr><tr><td>Europe<\/td><td>EU<\/td><td>European Medicines Agency (EMA)<\/td><td><a href=\"https:\/\/www.ema.europa.eu\" target=\"_blank\" rel=\"noreferrer noopener\" aria-label=\" (opens in a new tab)\">www.ema.europa.eu<\/a><\/td><\/tr><tr><td>Europe<\/td><td>EU<\/td><td>Heads of Medicines Agencies (HMA)<\/td><td><a href=\"http:\/\/www.hma.eu\" target=\"_blank\" rel=\"noreferrer noopener\" aria-label=\" (opens in a new tab)\">www.hma.eu<\/a><\/td><\/tr><tr><td>Finland<\/td><td>FI<\/td><td>National Supervisory Authority for Welfare and Health<\/td><td><a href=\"https:\/\/www.valvira.fi\/en\" target=\"_blank\" rel=\"noreferrer noopener\" aria-label=\" (opens in a new tab)\">www.valvira.fi\/en<\/a><\/td><\/tr><tr><td>France<\/td><td>FR<\/td><td>Agence nationale de S\u00e9curit\u00e9 du medicamente et des produits de Sant\u00e9 (ANSM)<\/td><td><a href=\"https:\/\/www.ansm.sante.fr\" target=\"_blank\" rel=\"noreferrer noopener\" aria-label=\" (opens in a new tab)\">www.ansm.sante.fr<\/a><\/td><\/tr><tr><td>Germany<\/td><td>DE<\/td><td>Bundesinstitut f\u00fcr Arzneimittel und Medizinprodukte (BfArM)<\/td><td><a href=\"https:\/\/www.bfarm.de\" target=\"_blank\" rel=\"noreferrer noopener\" aria-label=\" (opens in a new tab)\">www.bfarm.de<\/a><\/td><\/tr><tr><td>Greece<\/td><td>GR<\/td><td>National Organization for Medicines<\/td><td><a href=\"http:\/\/www.eof.gr\" target=\"_blank\" rel=\"noreferrer noopener\" aria-label=\" (opens in a new tab)\">www.eof.gr<\/a><\/td><\/tr><tr><td>Hungary<\/td><td>HU<\/td><td>National Institute of Pharmacy<\/td><td><a href=\"https:\/\/www.ogyei.gov.hu\/main_page\" target=\"_blank\" rel=\"noreferrer noopener\" aria-label=\" (opens in a new tab)\">www.ogyi.hu<\/a><\/td><\/tr><tr><td>Iceland<\/td><td>IS<\/td><td>Icelandic Medicines Agency<\/td><td><a href=\"https:\/\/www.lyfjastofnun.is\" target=\"_blank\" rel=\"noreferrer noopener\" aria-label=\" (opens in a new tab)\">www.lyfjastofnun.is<\/a><\/td><\/tr><tr><td>Germany<\/td><td>DE<\/td><td>Bundesinstitut f\u00fcr Arzneimittel und Medizinprodukte (BfArM)<\/td><td><a href=\"https:\/\/www.bfarm.de\" target=\"_blank\" rel=\"noreferrer noopener\" aria-label=\" (opens in a new tab)\">www.bfarm.de<\/a><\/td><\/tr><tr><td>India<\/td><td>IN<\/td><td>Central Drugs Standard Control Organization<\/td><td><a href=\"https:\/\/cdscoonline.gov.in\/\" target=\"_blank\" rel=\"noreferrer noopener\" aria-label=\" (opens in a new tab)\">cdscoonline.gov.in\/<\/a><\/td><\/tr><tr><td>Ireland<\/td><td>IE<\/td><td>Irish Medicines Board (IMB)<\/td><td><a href=\"http:\/\/www.imb.ie\" target=\"_blank\" rel=\"noreferrer noopener\" aria-label=\" (opens in a new tab)\">www.hpra.ie<\/a><\/td><\/tr><tr><td>Italy<\/td><td>IT<\/td><td>Agenzia Italiana del Farmaco (AIFA)<\/td><td><a href=\"http:\/\/www.agenziafarmaco.it\">www.agenziafarmaco.it<\/a><\/td><\/tr><tr><td>Japan<\/td><td>JP<\/td><td>Ministry of Health, Labour and Welfare<\/td><td><a href=\"https:\/\/www.mhlw.go.jp\" target=\"_blank\" rel=\"noreferrer noopener\" aria-label=\" (opens in a new tab)\">www.mhlw.go.jp<\/a><\/td><\/tr><tr><td>Latvia<\/td><td>LV<\/td><td>State Agency of Medicines of Latvia<\/td><td><a href=\"https:\/\/www.zva.gov.lv\" target=\"_blank\" rel=\"noreferrer noopener\" aria-label=\" (opens in a new tab)\">www.zva.gov.lv<\/a><\/td><\/tr><tr><td>Liechtenstein<\/td><td>LI<\/td><td>Landesverwaltung Liechtenstein<\/td><td><a href=\"https:\/\/www.llv.li\" target=\"_blank\" rel=\"noreferrer noopener\" aria-label=\" (opens in a new tab)\">www.llv.li<\/a><\/td><\/tr><tr><td>Lithuania<\/td><td>LT<\/td><td>State Medicines Control Agency (SMCA)<\/td><td><a href=\"https:\/\/www.vvkt.lt\" target=\"_blank\" rel=\"noreferrer noopener\" aria-label=\" (opens in a new tab)\">www.vvkt.lt<\/a><\/td><\/tr><tr><td>Luxembourg<\/td><td>LU<\/td><td>Minist\u00e8re de la Sant\u00e9<\/td><td><a href=\"http:\/\/www.etat.lu\/MS\" target=\"_blank\" rel=\"noreferrer noopener\" aria-label=\" (opens in a new tab)\">www.etat.lu\/MS<\/a><\/td><\/tr><tr><td>Malta<\/td><td>MT<\/td><td>Medicines Regulatory Unit<\/td><td><a href=\"https:\/\/www.ehealth.gov.mt\" target=\"_blank\" rel=\"noreferrer noopener\" aria-label=\" (opens in a new tab)\">www.ehealth.gov.mt<\/a><\/td><\/tr><tr><td>Netherlands<\/td><td>NL<\/td><td>Medicines Evaluation Board (MEB)<\/td><td><a href=\"https:\/\/www.cbg-meb.nl\" target=\"_blank\" rel=\"noreferrer noopener\" aria-label=\" (opens in a new tab)\">www.cbg-meb.nl<\/a><\/td><\/tr><tr><td>New Zealand<\/td><td>NZ<\/td><td>Medsafe<\/td><td><a href=\"https:\/\/www.medsafe.govt.nz\/\" target=\"_blank\" rel=\"noreferrer noopener\" aria-label=\" (opens in a new tab)\">www.medsafe.govt.nz\/<\/a><\/td><\/tr><tr><td>Norway<\/td><td>NO<\/td><td>Norwegian Medicines Agency<\/td><td><a href=\"https:\/\/www.legemiddelverket.no\" target=\"_blank\" rel=\"noreferrer noopener\" aria-label=\" (opens in a new tab)\">www.legemiddelverket.no<\/a><\/td><\/tr><tr><td>Poland<\/td><td>PL<\/td><td>The Office for Registration of Medicinal Products, Medical Devices and Biocidal Products<\/td><td><a rel=\"noreferrer noopener\" aria-label=\" (opens in a new tab)\" href=\"http:\/\/www.urpl.gov.pl\/en\" target=\"_blank\">www.urpl.gov.pl\/en<\/a><\/td><\/tr><tr><td>Portugal<\/td><td>PT<\/td><td>Instituto Nacional de Pharmacia e do Medicamento (INFARMED)<\/td><td><a href=\"http:\/\/www.infarmed.pt\" target=\"_blank\" rel=\"noreferrer noopener\" aria-label=\" (opens in a new tab)\">www.infarmed.pt<\/a><\/td><\/tr><tr><td>Romania<\/td><td>RO<\/td><td>Romanian Medicines Agency (ANMDM)<\/td><td><a href=\"https:\/\/www.anm.ro\/\" target=\"_blank\" rel=\"noreferrer noopener\" aria-label=\" (opens in a new tab)\">www.anm.ro<\/a><\/td><\/tr><tr><td>Slovak Republic<\/td><td>SK<\/td><td>State Institute for Drug Control<\/td><td><a href=\"https:\/\/www.sukl.sk\" target=\"_blank\" rel=\"noreferrer noopener\" aria-label=\" (opens in a new tab)\">www.sukl.sk<\/a><\/td><\/tr><tr><td>Slovenia<\/td><td>SI<\/td><td>Ministrstvo za zdravje Republike Slovenije<\/td><td><a href=\"http:\/\/www.mju.gov.si\" target=\"_blank\" rel=\"noreferrer noopener\" aria-label=\" (opens in a new tab)\">www.mju.gov.si<\/a><\/td><\/tr><tr><td>South Africa<\/td><td>SA<\/td><td>Medicines Control Council (MCC)<\/td><td><a href=\"https:\/\/www.sahpra.org.za\/\" target=\"_blank\" rel=\"noreferrer noopener\" aria-label=\" (opens in a new tab)\">www.sahpra.org.za\/<\/a><\/td><\/tr><tr><td>Spain<\/td><td>ES<\/td><td>Agencia Espa\u00f1ola de Medicamentos y productos Sanitarios<\/td><td><a href=\"https:\/\/www.aemps.gob.es\/en\/home.htm\" target=\"_blank\" rel=\"noreferrer noopener\" aria-label=\" (opens in a new tab)\">www.aemps.gob.es<\/a><\/td><\/tr><tr><td>Sweden<\/td><td>SE<\/td><td>Medicinal Products Agency (MPA)<\/td><td><a href=\"https:\/\/www.lakemedelsverket.se\" target=\"_blank\" rel=\"noreferrer noopener\" aria-label=\" (opens in a new tab)\">www.lakemedelsverket.se<\/a><\/td><\/tr><tr><td>Switzerland<\/td><td>CH<\/td><td>Swissmedic,Schweizerisches Heilmittelinstitut<\/td><td><a href=\"https:\/\/www.swissmedic.ch\/\" target=\"_blank\" rel=\"noreferrer noopener\" aria-label=\" (opens in a new tab)\">www.swissmedic.ch\/<\/a><\/td><\/tr><tr><td>United Kingdom<\/td><td>UK<\/td><td>Medicines and Healthcare Products Regulatory Agency (MHRA)<\/td><td><a href=\"http:\/\/www.mhra.gov.uk\" target=\"_blank\" rel=\"noreferrer noopener\" aria-label=\" (opens in a new tab)\">www.mhra.gov.uk<\/a><\/td><\/tr><\/tbody><\/table>\n\n\n<script type='text\/javascript' language='javascript' class='init'> \njQuery(document).ready(function() { \njQuery('#\u201dusefullinks-table\u201d').DataTable({ \n'info': false, \n'paging': true, \n'pageLength': 10, \n'pagingType': 'simple', \n'bLengthChange': true, \n'ordering': true, \n'order': [1,'asc'], \n'searching': true, \n} ); \njQuery('#\u201dusefullinks-table\u201d_wrapper select').prepend('<option value=10>Select<\/option>').val('');jQuery('#\u201dusefullinks-table\u201d_wrapper select')[0].options[0].selected = true;} ); \n<\/script>\n\n\n\n<p><\/p>\n","protected":false},"excerpt":{"rendered":"<p>Country Country Code Authority Website Australia AU Therapeutic Goods Adminstration (TGA) www.tga.gov.au Austria AT Bundesministerium f\u00fcr Geshundheit und Frauen and Environment www.bmgfj.gv.at Belgium BE Federal Public Service Health, Food Chain Safety www.health.belgium.be\/eportal Bulgaria BG Bulgarian Drug Agency www.bda.bg Canada CA Health Canada www.hc-sc.gc.ca\/index-eng Cyprus CY The Ministry of Agriculture, Natural Resources and Environment www.moa.gov.cy Czech [&hellip;]<\/p>\n","protected":false},"author":1,"featured_media":0,"parent":0,"menu_order":7,"comment_status":"closed","ping_status":"closed","template":"page-templates\/no-sidebar.php","meta":{"footnotes":""},"class_list":["post-16","page","type-page","status-publish","hentry"],"yoast_head":"<!-- This site is optimized with the Yoast SEO plugin v26.9 - https:\/\/yoast.com\/product\/yoast-seo-wordpress\/ -->\n<title>Useful Links | Stepup Pharmatech<\/title>\n<meta name=\"robots\" content=\"index, follow, max-snippet:-1, max-image-preview:large, max-video-preview:-1\" \/>\n<link rel=\"canonical\" href=\"https:\/\/www.stepuppharma.in\/stepup-pharmatech\/useful-links\/\" \/>\n<meta property=\"og:locale\" content=\"en_US\" \/>\n<meta property=\"og:type\" content=\"article\" \/>\n<meta property=\"og:title\" content=\"Useful Links | Stepup Pharmatech\" \/>\n<meta property=\"og:description\" content=\"Country Country Code Authority Website Australia AU Therapeutic Goods Adminstration (TGA) www.tga.gov.au Austria AT Bundesministerium f\u00fcr Geshundheit und Frauen and Environment www.bmgfj.gv.at Belgium BE Federal Public Service Health, Food Chain Safety www.health.belgium.be\/eportal Bulgaria BG Bulgarian Drug Agency www.bda.bg Canada CA Health Canada www.hc-sc.gc.ca\/index-eng Cyprus CY The Ministry of Agriculture, Natural Resources and Environment www.moa.gov.cy Czech [&hellip;]\" \/>\n<meta property=\"og:url\" content=\"https:\/\/www.stepuppharma.in\/stepup-pharmatech\/useful-links\/\" \/>\n<meta property=\"og:site_name\" content=\"Stepup Pharmatech\" \/>\n<meta property=\"article:publisher\" content=\"https:\/\/www.facebook.com\/stepuppharma\" \/>\n<meta property=\"article:modified_time\" content=\"2022-02-21T22:42:32+00:00\" \/>\n<meta name=\"twitter:card\" content=\"summary_large_image\" \/>\n<meta name=\"twitter:label1\" content=\"Est. reading time\" \/>\n\t<meta name=\"twitter:data1\" content=\"2 minutes\" \/>\n<script type=\"application\/ld+json\" class=\"yoast-schema-graph\">{\"@context\":\"https:\/\/schema.org\",\"@graph\":[{\"@type\":\"WebPage\",\"@id\":\"https:\/\/www.stepuppharma.in\/stepup-pharmatech\/useful-links\/\",\"url\":\"https:\/\/www.stepuppharma.in\/stepup-pharmatech\/useful-links\/\",\"name\":\"Useful Links | Stepup Pharmatech\",\"isPartOf\":{\"@id\":\"https:\/\/www.stepuppharma.in\/stepup-pharmatech\/#website\"},\"datePublished\":\"2019-02-25T18:23:26+00:00\",\"dateModified\":\"2022-02-21T22:42:32+00:00\",\"breadcrumb\":{\"@id\":\"https:\/\/www.stepuppharma.in\/stepup-pharmatech\/useful-links\/#breadcrumb\"},\"inLanguage\":\"en-CA\",\"potentialAction\":[{\"@type\":\"ReadAction\",\"target\":[\"https:\/\/www.stepuppharma.in\/stepup-pharmatech\/useful-links\/\"]}]},{\"@type\":\"BreadcrumbList\",\"@id\":\"https:\/\/www.stepuppharma.in\/stepup-pharmatech\/useful-links\/#breadcrumb\",\"itemListElement\":[{\"@type\":\"ListItem\",\"position\":1,\"name\":\"Home\",\"item\":\"https:\/\/www.stepuppharma.in\/stepup-pharmatech\/\"},{\"@type\":\"ListItem\",\"position\":2,\"name\":\"Useful Links\"}]},{\"@type\":\"WebSite\",\"@id\":\"https:\/\/www.stepuppharma.in\/stepup-pharmatech\/#website\",\"url\":\"https:\/\/www.stepuppharma.in\/stepup-pharmatech\/\",\"name\":\"Stepup Pharmatech\",\"description\":\"Regulatory Affairs Consultant | Ahmedabad\",\"publisher\":{\"@id\":\"https:\/\/www.stepuppharma.in\/stepup-pharmatech\/#organization\"},\"potentialAction\":[{\"@type\":\"SearchAction\",\"target\":{\"@type\":\"EntryPoint\",\"urlTemplate\":\"https:\/\/www.stepuppharma.in\/stepup-pharmatech\/?s={search_term_string}\"},\"query-input\":{\"@type\":\"PropertyValueSpecification\",\"valueRequired\":true,\"valueName\":\"search_term_string\"}}],\"inLanguage\":\"en-CA\"},{\"@type\":\"Organization\",\"@id\":\"https:\/\/www.stepuppharma.in\/stepup-pharmatech\/#organization\",\"name\":\"Stepup Pharmatech\",\"url\":\"https:\/\/www.stepuppharma.in\/stepup-pharmatech\/\",\"logo\":{\"@type\":\"ImageObject\",\"inLanguage\":\"en-CA\",\"@id\":\"https:\/\/www.stepuppharma.in\/stepup-pharmatech\/#\/schema\/logo\/image\/\",\"url\":\"https:\/\/www.stepuppharma.in\/stepup-pharmatech\/wp-content\/uploads\/2019\/02\/cropped-cropped-wp92540981_06.png\",\"contentUrl\":\"https:\/\/www.stepuppharma.in\/stepup-pharmatech\/wp-content\/uploads\/2019\/02\/cropped-cropped-wp92540981_06.png\",\"width\":551,\"height\":250,\"caption\":\"Stepup Pharmatech\"},\"image\":{\"@id\":\"https:\/\/www.stepuppharma.in\/stepup-pharmatech\/#\/schema\/logo\/image\/\"},\"sameAs\":[\"https:\/\/www.facebook.com\/stepuppharma\",\"https:\/\/www.linkedin.com\/company\/stepup-group\/\"]}]}<\/script>\n<!-- \/ Yoast SEO plugin. -->","yoast_head_json":{"title":"Useful Links | Stepup Pharmatech","robots":{"index":"index","follow":"follow","max-snippet":"max-snippet:-1","max-image-preview":"max-image-preview:large","max-video-preview":"max-video-preview:-1"},"canonical":"https:\/\/www.stepuppharma.in\/stepup-pharmatech\/useful-links\/","og_locale":"en_US","og_type":"article","og_title":"Useful Links | Stepup Pharmatech","og_description":"Country Country Code Authority Website Australia AU Therapeutic Goods Adminstration (TGA) www.tga.gov.au Austria AT Bundesministerium f\u00fcr Geshundheit und Frauen and Environment www.bmgfj.gv.at Belgium BE Federal Public Service Health, Food Chain Safety www.health.belgium.be\/eportal Bulgaria BG Bulgarian Drug Agency www.bda.bg Canada CA Health Canada www.hc-sc.gc.ca\/index-eng Cyprus CY The Ministry of Agriculture, Natural Resources and Environment www.moa.gov.cy Czech [&hellip;]","og_url":"https:\/\/www.stepuppharma.in\/stepup-pharmatech\/useful-links\/","og_site_name":"Stepup Pharmatech","article_publisher":"https:\/\/www.facebook.com\/stepuppharma","article_modified_time":"2022-02-21T22:42:32+00:00","twitter_card":"summary_large_image","twitter_misc":{"Est. reading time":"2 minutes"},"schema":{"@context":"https:\/\/schema.org","@graph":[{"@type":"WebPage","@id":"https:\/\/www.stepuppharma.in\/stepup-pharmatech\/useful-links\/","url":"https:\/\/www.stepuppharma.in\/stepup-pharmatech\/useful-links\/","name":"Useful Links | Stepup Pharmatech","isPartOf":{"@id":"https:\/\/www.stepuppharma.in\/stepup-pharmatech\/#website"},"datePublished":"2019-02-25T18:23:26+00:00","dateModified":"2022-02-21T22:42:32+00:00","breadcrumb":{"@id":"https:\/\/www.stepuppharma.in\/stepup-pharmatech\/useful-links\/#breadcrumb"},"inLanguage":"en-CA","potentialAction":[{"@type":"ReadAction","target":["https:\/\/www.stepuppharma.in\/stepup-pharmatech\/useful-links\/"]}]},{"@type":"BreadcrumbList","@id":"https:\/\/www.stepuppharma.in\/stepup-pharmatech\/useful-links\/#breadcrumb","itemListElement":[{"@type":"ListItem","position":1,"name":"Home","item":"https:\/\/www.stepuppharma.in\/stepup-pharmatech\/"},{"@type":"ListItem","position":2,"name":"Useful Links"}]},{"@type":"WebSite","@id":"https:\/\/www.stepuppharma.in\/stepup-pharmatech\/#website","url":"https:\/\/www.stepuppharma.in\/stepup-pharmatech\/","name":"Stepup Pharmatech","description":"Regulatory Affairs Consultant | Ahmedabad","publisher":{"@id":"https:\/\/www.stepuppharma.in\/stepup-pharmatech\/#organization"},"potentialAction":[{"@type":"SearchAction","target":{"@type":"EntryPoint","urlTemplate":"https:\/\/www.stepuppharma.in\/stepup-pharmatech\/?s={search_term_string}"},"query-input":{"@type":"PropertyValueSpecification","valueRequired":true,"valueName":"search_term_string"}}],"inLanguage":"en-CA"},{"@type":"Organization","@id":"https:\/\/www.stepuppharma.in\/stepup-pharmatech\/#organization","name":"Stepup Pharmatech","url":"https:\/\/www.stepuppharma.in\/stepup-pharmatech\/","logo":{"@type":"ImageObject","inLanguage":"en-CA","@id":"https:\/\/www.stepuppharma.in\/stepup-pharmatech\/#\/schema\/logo\/image\/","url":"https:\/\/www.stepuppharma.in\/stepup-pharmatech\/wp-content\/uploads\/2019\/02\/cropped-cropped-wp92540981_06.png","contentUrl":"https:\/\/www.stepuppharma.in\/stepup-pharmatech\/wp-content\/uploads\/2019\/02\/cropped-cropped-wp92540981_06.png","width":551,"height":250,"caption":"Stepup Pharmatech"},"image":{"@id":"https:\/\/www.stepuppharma.in\/stepup-pharmatech\/#\/schema\/logo\/image\/"},"sameAs":["https:\/\/www.facebook.com\/stepuppharma","https:\/\/www.linkedin.com\/company\/stepup-group\/"]}]}},"_links":{"self":[{"href":"https:\/\/www.stepuppharma.in\/stepup-pharmatech\/wp-json\/wp\/v2\/pages\/16","targetHints":{"allow":["GET"]}}],"collection":[{"href":"https:\/\/www.stepuppharma.in\/stepup-pharmatech\/wp-json\/wp\/v2\/pages"}],"about":[{"href":"https:\/\/www.stepuppharma.in\/stepup-pharmatech\/wp-json\/wp\/v2\/types\/page"}],"author":[{"embeddable":true,"href":"https:\/\/www.stepuppharma.in\/stepup-pharmatech\/wp-json\/wp\/v2\/users\/1"}],"replies":[{"embeddable":true,"href":"https:\/\/www.stepuppharma.in\/stepup-pharmatech\/wp-json\/wp\/v2\/comments?post=16"}],"version-history":[{"count":31,"href":"https:\/\/www.stepuppharma.in\/stepup-pharmatech\/wp-json\/wp\/v2\/pages\/16\/revisions"}],"predecessor-version":[{"id":372,"href":"https:\/\/www.stepuppharma.in\/stepup-pharmatech\/wp-json\/wp\/v2\/pages\/16\/revisions\/372"}],"wp:attachment":[{"href":"https:\/\/www.stepuppharma.in\/stepup-pharmatech\/wp-json\/wp\/v2\/media?parent=16"}],"curies":[{"name":"wp","href":"https:\/\/api.w.org\/{rel}","templated":true}]}}